{"id":21674,"date":"2022-06-27T12:20:43","date_gmt":"2022-06-27T12:20:43","guid":{"rendered":"https:\/\/lsg.lu\/?page_id=21674"},"modified":"2024-03-27T15:55:42","modified_gmt":"2024-03-27T15:55:42","slug":"mentions-legales","status":"publish","type":"page","link":"https:\/\/lsg.lu\/fr\/mentions-legales\/","title":{"rendered":"Mentions l\u00e9gales"},"content":{"rendered":"\t\t<div data-elementor-type=\"wp-page\" data-elementor-id=\"21674\" class=\"elementor elementor-21674\">\n\t\t\t\t\t\t<section class=\"elementor-section elementor-top-section elementor-element elementor-element-63bf275 elementor-section-full_width elementor-section-height-default elementor-section-height-default sc_fly_static\" data-id=\"63bf275\" data-element_type=\"section\">\n\t\t\t\t\t\t<div class=\"elementor-container elementor-column-gap-no\">\n\t\t\t\t\t<div class=\"elementor-column elementor-col-100 elementor-top-column elementor-element elementor-element-c9f05ec sc_content_align_inherit sc_layouts_column_icons_position_left sc_fly_static\" data-id=\"c9f05ec\" data-element_type=\"column\">\n\t\t\t<div class=\"elementor-widget-wrap elementor-element-populated\">\n\t\t\t\t\t\t<div class=\"elementor-element elementor-element-9035c1e sc_fly_static elementor-widget elementor-widget-image\" data-id=\"9035c1e\" data-element_type=\"widget\" data-widget_type=\"image.default\">\n\t\t\t\t<div class=\"elementor-widget-container\">\n\t\t\t\t\t\t\t\t\t\t\t\t\t\t\t<img fetchpriority=\"high\" decoding=\"async\" width=\"2500\" height=\"441\" src=\"https:\/\/lsg.lu\/wp-content\/uploads\/2022\/06\/LSG-maisfeld-banner.jpg\" class=\"attachment-full size-full wp-image-17960\" alt=\"\" srcset=\"https:\/\/lsg.lu\/wp-content\/uploads\/2022\/06\/LSG-maisfeld-banner.jpg 2500w, https:\/\/lsg.lu\/wp-content\/uploads\/2022\/06\/LSG-maisfeld-banner-300x53.jpg 300w, https:\/\/lsg.lu\/wp-content\/uploads\/2022\/06\/LSG-maisfeld-banner-1024x181.jpg 1024w, https:\/\/lsg.lu\/wp-content\/uploads\/2022\/06\/LSG-maisfeld-banner-768x135.jpg 768w, https:\/\/lsg.lu\/wp-content\/uploads\/2022\/06\/LSG-maisfeld-banner-1536x271.jpg 1536w, https:\/\/lsg.lu\/wp-content\/uploads\/2022\/06\/LSG-maisfeld-banner-2048x361.jpg 2048w, https:\/\/lsg.lu\/wp-content\/uploads\/2022\/06\/LSG-maisfeld-banner-370x65.jpg 370w, https:\/\/lsg.lu\/wp-content\/uploads\/2022\/06\/LSG-maisfeld-banner-840x148.jpg 840w, https:\/\/lsg.lu\/wp-content\/uploads\/2022\/06\/LSG-maisfeld-banner-410x72.jpg 410w\" sizes=\"(max-width: 2500px) 100vw, 2500px\" \/>\t\t\t\t\t\t\t\t\t\t\t\t\t\t\t<\/div>\n\t\t\t\t<\/div>\n\t\t\t\t\t<\/div>\n\t\t<\/div>\n\t\t\t\t\t<\/div>\n\t\t<\/section>\n\t\t\t\t<section class=\"elementor-section elementor-top-section elementor-element elementor-element-91a4d45 scheme_default elementor-section-boxed elementor-section-height-default elementor-section-height-default sc_fly_static\" data-id=\"91a4d45\" data-element_type=\"section\" data-settings=\"{&quot;background_background&quot;:&quot;classic&quot;}\">\n\t\t\t\t\t\t<div class=\"elementor-container elementor-column-gap-extended\">\n\t\t\t\t\t<div class=\"elementor-column elementor-col-100 elementor-top-column elementor-element elementor-element-1b61d54 sc_content_align_inherit sc_layouts_column_icons_position_left sc_fly_static\" data-id=\"1b61d54\" data-element_type=\"column\">\n\t\t\t<div class=\"elementor-widget-wrap elementor-element-populated\">\n\t\t\t\t\t\t<div class=\"elementor-element elementor-element-be1b73d sc_fly_static elementor-widget elementor-widget-spacer\" data-id=\"be1b73d\" data-element_type=\"widget\" data-widget_type=\"spacer.default\">\n\t\t\t\t<div class=\"elementor-widget-container\">\n\t\t\t\t\t\t\t<div class=\"elementor-spacer\">\n\t\t\t<div class=\"elementor-spacer-inner\"><\/div>\n\t\t<\/div>\n\t\t\t\t\t\t<\/div>\n\t\t\t\t<\/div>\n\t\t\t\t<div class=\"elementor-element elementor-element-3ee6c4c sc_height_small sc_fly_static elementor-widget elementor-widget-spacer\" data-id=\"3ee6c4c\" data-element_type=\"widget\" data-widget_type=\"spacer.default\">\n\t\t\t\t<div class=\"elementor-widget-container\">\n\t\t\t\t\t\t\t<div class=\"elementor-spacer\">\n\t\t\t<div class=\"elementor-spacer-inner\"><\/div>\n\t\t<\/div>\n\t\t\t\t\t\t<\/div>\n\t\t\t\t<\/div>\n\t\t\t\t\t<\/div>\n\t\t<\/div>\n\t\t\t\t\t<\/div>\n\t\t<\/section>\n\t\t\t\t<section class=\"elementor-section elementor-top-section elementor-element elementor-element-26dc149 scheme_default elementor-section-boxed elementor-section-height-default elementor-section-height-default sc_fly_static\" data-id=\"26dc149\" data-element_type=\"section\" data-settings=\"{&quot;background_background&quot;:&quot;classic&quot;}\">\n\t\t\t\t\t\t<div class=\"elementor-container elementor-column-gap-extended\">\n\t\t\t\t\t<div class=\"elementor-column elementor-col-50 elementor-top-column elementor-element elementor-element-b8e8b93 sc_content_align_inherit sc_layouts_column_icons_position_left sc_fly_static\" data-id=\"b8e8b93\" data-element_type=\"column\">\n\t\t\t<div class=\"elementor-widget-wrap elementor-element-populated\">\n\t\t\t\t\t\t<div class=\"elementor-element elementor-element-6a969b0 sc_fly_static elementor-widget elementor-widget-trx_sc_title\" data-id=\"6a969b0\" data-element_type=\"widget\" data-widget_type=\"trx_sc_title.default\">\n\t\t\t\t<div class=\"elementor-widget-container\">\n\t\t\t\t\t<div\t\tclass=\"sc_title sc_title_default\" ><h3 class=\"sc_item_title sc_title_title sc_item_title_style_default sc_item_title_tag trx_addons_inline_2142277486\"\n\t\t\t><span class=\"sc_item_title_text\">Editeur responsable :<\/span><\/h3><\/div>\t\t\t\t<\/div>\n\t\t\t\t<\/div>\n\t\t\t\t<div class=\"elementor-element elementor-element-a29a3c6 sc_height_small sc_fly_static elementor-widget elementor-widget-spacer\" data-id=\"a29a3c6\" data-element_type=\"widget\" data-widget_type=\"spacer.default\">\n\t\t\t\t<div class=\"elementor-widget-container\">\n\t\t\t\t\t\t\t<div class=\"elementor-spacer\">\n\t\t\t<div class=\"elementor-spacer-inner\"><\/div>\n\t\t<\/div>\n\t\t\t\t\t\t<\/div>\n\t\t\t\t<\/div>\n\t\t\t\t<div class=\"elementor-element elementor-element-53ce018 sc_fly_static elementor-widget elementor-widget-text-editor\" data-id=\"53ce018\" data-element_type=\"widget\" data-widget_type=\"text-editor.default\">\n\t\t\t\t<div class=\"elementor-widget-container\">\n\t\t\t\t\t\t\t\t\t<p>Luxemburger Saatbau Genossenschaft (L.S.G.)<strong><br \/><\/strong>5, rue Fran\u00e7ois Krack<br \/>L-7737\u00a0 Colmar-Berg<\/p><p>T\u00e9l.:\u00a0 (00352) 26 32 33 &#8211; 25<br \/>Mail: info@lsg.lu<\/p>\t\t\t\t\t\t\t\t<\/div>\n\t\t\t\t<\/div>\n\t\t\t\t<div class=\"elementor-element elementor-element-909b3f1 sc_height_small sc_fly_static elementor-widget elementor-widget-spacer\" data-id=\"909b3f1\" data-element_type=\"widget\" data-widget_type=\"spacer.default\">\n\t\t\t\t<div class=\"elementor-widget-container\">\n\t\t\t\t\t\t\t<div class=\"elementor-spacer\">\n\t\t\t<div class=\"elementor-spacer-inner\"><\/div>\n\t\t<\/div>\n\t\t\t\t\t\t<\/div>\n\t\t\t\t<\/div>\n\t\t\t\t<div class=\"elementor-element elementor-element-727abf5 sc_fly_static elementor-widget elementor-widget-text-editor\" data-id=\"727abf5\" data-element_type=\"widget\" data-widget_type=\"text-editor.default\">\n\t\t\t\t<div class=\"elementor-widget-container\">\n\t\t\t\t\t\t\t\t\t<p><strong>MwSt. \/ TVA \/ VAT \/ BTW Nr:\u00a0 \u00a0 \u00a0 \u00a0 \u00a0 \u00a0 \u00a0 \u00a0 \u00a0 \u00a0 \u00a0 \u00a0 \u00a0 \u00a0 \u00a0 \u00a0 \u00a0 \u00a0 LU 104 833 80<\/strong><\/p>\t\t\t\t\t\t\t\t<\/div>\n\t\t\t\t<\/div>\n\t\t\t\t<div class=\"elementor-element elementor-element-f9b75d3 sc_fly_static elementor-widget elementor-widget-text-editor\" data-id=\"f9b75d3\" data-element_type=\"widget\" data-widget_type=\"text-editor.default\">\n\t\t\t\t<div class=\"elementor-widget-container\">\n\t\t\t\t\t\t\t\t\t<p><strong>Num\u00e9ro de code de l\u00b4organisme de contr\u00f4le:\u00a0\u00a0\u00a0 \u00a0 \u00a0 \u00a0 \u00a0\u00a0 LU-BIO-04\u00a0\u00a0\u00a0\u00a0\u00a0<\/strong><\/p>\t\t\t\t\t\t\t\t<\/div>\n\t\t\t\t<\/div>\n\t\t\t\t\t<\/div>\n\t\t<\/div>\n\t\t\t\t<div class=\"elementor-column elementor-col-50 elementor-top-column elementor-element elementor-element-6669fc7 sc_content_align_inherit sc_layouts_column_icons_position_left sc_fly_static\" data-id=\"6669fc7\" data-element_type=\"column\">\n\t\t\t<div class=\"elementor-widget-wrap elementor-element-populated\">\n\t\t\t\t\t\t<div class=\"elementor-element elementor-element-c399c62 sc_fly_static elementor-widget elementor-widget-trx_sc_title\" data-id=\"c399c62\" data-element_type=\"widget\" data-widget_type=\"trx_sc_title.default\">\n\t\t\t\t<div class=\"elementor-widget-container\">\n\t\t\t\t\t<div\t\tclass=\"sc_title sc_title_default\" ><h3 class=\"sc_item_title sc_title_title sc_item_title_style_default sc_item_title_tag trx_addons_inline_1295220831\"\n\t\t\t><span class=\"sc_item_title_text\">Direction<\/span><\/h3><\/div>\t\t\t\t<\/div>\n\t\t\t\t<\/div>\n\t\t\t\t<div class=\"elementor-element elementor-element-ab27839 sc_height_small sc_fly_static elementor-widget elementor-widget-spacer\" data-id=\"ab27839\" data-element_type=\"widget\" data-widget_type=\"spacer.default\">\n\t\t\t\t<div class=\"elementor-widget-container\">\n\t\t\t\t\t\t\t<div class=\"elementor-spacer\">\n\t\t\t<div class=\"elementor-spacer-inner\"><\/div>\n\t\t<\/div>\n\t\t\t\t\t\t<\/div>\n\t\t\t\t<\/div>\n\t\t\t\t<div class=\"elementor-element elementor-element-7426863 sc_fly_static elementor-widget elementor-widget-text-editor\" data-id=\"7426863\" data-element_type=\"widget\" data-widget_type=\"text-editor.default\">\n\t\t\t\t<div class=\"elementor-widget-container\">\n\t\t\t\t\t\t\t\t\t<p>Steve Turmes<br \/>E-Mail : turmess@lsg.lu<\/p>\t\t\t\t\t\t\t\t<\/div>\n\t\t\t\t<\/div>\n\t\t\t\t<div class=\"elementor-element elementor-element-1c12a18 sc_height_large sc_fly_static elementor-widget elementor-widget-spacer\" data-id=\"1c12a18\" data-element_type=\"widget\" data-widget_type=\"spacer.default\">\n\t\t\t\t<div class=\"elementor-widget-container\">\n\t\t\t\t\t\t\t<div class=\"elementor-spacer\">\n\t\t\t<div class=\"elementor-spacer-inner\"><\/div>\n\t\t<\/div>\n\t\t\t\t\t\t<\/div>\n\t\t\t\t<\/div>\n\t\t\t\t<div class=\"elementor-element elementor-element-c17e935 sc_fly_static elementor-widget elementor-widget-trx_sc_title\" data-id=\"c17e935\" data-element_type=\"widget\" data-widget_type=\"trx_sc_title.default\">\n\t\t\t\t<div class=\"elementor-widget-container\">\n\t\t\t\t\t<div\t\tclass=\"sc_title sc_title_default\" ><h3 class=\"sc_item_title sc_title_title sc_item_title_style_default sc_item_title_tag trx_addons_inline_598524953\"\n\t\t\t><span class=\"sc_item_title_text\">Directeur adjoint<\/span><\/h3><\/div>\t\t\t\t<\/div>\n\t\t\t\t<\/div>\n\t\t\t\t<div class=\"elementor-element elementor-element-39dcd1c sc_height_small sc_fly_static elementor-widget elementor-widget-spacer\" data-id=\"39dcd1c\" data-element_type=\"widget\" data-widget_type=\"spacer.default\">\n\t\t\t\t<div class=\"elementor-widget-container\">\n\t\t\t\t\t\t\t<div class=\"elementor-spacer\">\n\t\t\t<div class=\"elementor-spacer-inner\"><\/div>\n\t\t<\/div>\n\t\t\t\t\t\t<\/div>\n\t\t\t\t<\/div>\n\t\t\t\t<div class=\"elementor-element elementor-element-a06598b sc_fly_static elementor-widget elementor-widget-text-editor\" data-id=\"a06598b\" data-element_type=\"widget\" data-widget_type=\"text-editor.default\">\n\t\t\t\t<div class=\"elementor-widget-container\">\n\t\t\t\t\t\t\t\t\t<p>Pit Wilg\u00e9<br \/>E-Mail : wilgep@lsg.lu<\/p><p>\u00a0<\/p>\t\t\t\t\t\t\t\t<\/div>\n\t\t\t\t<\/div>\n\t\t\t\t<div class=\"elementor-element elementor-element-de22e91 sc_height_small sc_fly_static elementor-widget elementor-widget-spacer\" data-id=\"de22e91\" data-element_type=\"widget\" data-widget_type=\"spacer.default\">\n\t\t\t\t<div class=\"elementor-widget-container\">\n\t\t\t\t\t\t\t<div class=\"elementor-spacer\">\n\t\t\t<div class=\"elementor-spacer-inner\"><\/div>\n\t\t<\/div>\n\t\t\t\t\t\t<\/div>\n\t\t\t\t<\/div>\n\t\t\t\t\t<\/div>\n\t\t<\/div>\n\t\t\t\t\t<\/div>\n\t\t<\/section>\n\t\t\t\t<section class=\"elementor-section elementor-top-section elementor-element elementor-element-48431e4 scheme_default elementor-section-boxed elementor-section-height-default elementor-section-height-default sc_fly_static\" data-id=\"48431e4\" data-element_type=\"section\" data-settings=\"{&quot;background_background&quot;:&quot;classic&quot;}\">\n\t\t\t\t\t\t<div class=\"elementor-container elementor-column-gap-extended\">\n\t\t\t\t\t<div class=\"elementor-column elementor-col-100 elementor-top-column elementor-element elementor-element-bd25a7a sc_content_align_inherit sc_layouts_column_icons_position_left sc_fly_static\" data-id=\"bd25a7a\" data-element_type=\"column\">\n\t\t\t<div class=\"elementor-widget-wrap elementor-element-populated\">\n\t\t\t\t\t\t<div class=\"elementor-element elementor-element-252747a sc_fly_static elementor-widget elementor-widget-text-editor\" data-id=\"252747a\" data-element_type=\"widget\" data-widget_type=\"text-editor.default\">\n\t\t\t\t<div class=\"elementor-widget-container\">\n\t\t\t\t\t\t\t\t\t<p>Tous les contenus de ce site web (textes, donn\u00e9es, illustrations, photos, graphiques, logos, descriptions de produits, etc.) sont prot\u00e9g\u00e9s par des droits d&rsquo;auteur. Tous les noms d&rsquo;entreprises et de marques indiqu\u00e9s, ainsi que leurs marques d\u00e9pos\u00e9es, sont la propri\u00e9t\u00e9 de leurs propri\u00e9taires et servent uniquement \u00e0 l&rsquo;identification et \u00e0 la description des produits.<\/p><p>Toutes les informations contenues dans ce site ont fait l&rsquo;objet de recherches approfondies. Toutefois, l&rsquo;\u00e9diteur n&rsquo;est pas responsable de l&rsquo;exactitude des informations mentionn\u00e9es.<\/p><p>Malgr\u00e9 un contr\u00f4le minutieux du contenu, nous n&rsquo;assumons aucune responsabilit\u00e9 pour le contenu des liens externes. Seuls les exploitants de ces sites sont responsables de leur contenu.<\/p><p>Si vous remarquez des erreurs ou des informations erron\u00e9es sur ce site, veuillez nous en faire part par \u00e9crit.<\/p>\t\t\t\t\t\t\t\t<\/div>\n\t\t\t\t<\/div>\n\t\t\t\t<div class=\"elementor-element elementor-element-a1a8127 sc_height_small sc_fly_static elementor-widget elementor-widget-spacer\" data-id=\"a1a8127\" data-element_type=\"widget\" data-widget_type=\"spacer.default\">\n\t\t\t\t<div class=\"elementor-widget-container\">\n\t\t\t\t\t\t\t<div class=\"elementor-spacer\">\n\t\t\t<div class=\"elementor-spacer-inner\"><\/div>\n\t\t<\/div>\n\t\t\t\t\t\t<\/div>\n\t\t\t\t<\/div>\n\t\t\t\t<div class=\"elementor-element elementor-element-23bc674 elementor-widget-divider--view-line sc_fly_static elementor-widget elementor-widget-divider\" data-id=\"23bc674\" data-element_type=\"widget\" data-widget_type=\"divider.default\">\n\t\t\t\t<div class=\"elementor-widget-container\">\n\t\t\t\t\t\t\t<div class=\"elementor-divider\">\n\t\t\t<span class=\"elementor-divider-separator\">\n\t\t\t\t\t\t<\/span>\n\t\t<\/div>\n\t\t\t\t\t\t<\/div>\n\t\t\t\t<\/div>\n\t\t\t\t\t<\/div>\n\t\t<\/div>\n\t\t\t\t\t<\/div>\n\t\t<\/section>\n\t\t\t\t<section class=\"elementor-section elementor-top-section elementor-element elementor-element-2f8e3a2 scheme_default elementor-section-boxed elementor-section-height-default elementor-section-height-default sc_fly_static\" data-id=\"2f8e3a2\" data-element_type=\"section\" data-settings=\"{&quot;background_background&quot;:&quot;classic&quot;}\">\n\t\t\t\t\t\t<div class=\"elementor-container elementor-column-gap-extended\">\n\t\t\t\t\t<div class=\"elementor-column elementor-col-50 elementor-top-column elementor-element elementor-element-931178b sc_content_align_inherit sc_layouts_column_icons_position_left sc_fly_static\" data-id=\"931178b\" data-element_type=\"column\">\n\t\t\t<div class=\"elementor-widget-wrap elementor-element-populated\">\n\t\t\t\t\t\t<div class=\"elementor-element elementor-element-08e58d6 sc_fly_static elementor-widget elementor-widget-trx_sc_title\" data-id=\"08e58d6\" data-element_type=\"widget\" data-widget_type=\"trx_sc_title.default\">\n\t\t\t\t<div class=\"elementor-widget-container\">\n\t\t\t\t\t<div\t\tclass=\"sc_title sc_title_default\" ><h3 class=\"sc_item_title sc_title_title sc_item_title_style_default sc_item_title_tag trx_addons_inline_814619565\"\n\t\t\t><span class=\"sc_item_title_text\">Webdesign<\/span><\/h3><\/div>\t\t\t\t<\/div>\n\t\t\t\t<\/div>\n\t\t\t\t<div class=\"elementor-element elementor-element-1ab99d0 sc_height_small sc_fly_static elementor-widget elementor-widget-spacer\" data-id=\"1ab99d0\" data-element_type=\"widget\" data-widget_type=\"spacer.default\">\n\t\t\t\t<div class=\"elementor-widget-container\">\n\t\t\t\t\t\t\t<div class=\"elementor-spacer\">\n\t\t\t<div class=\"elementor-spacer-inner\"><\/div>\n\t\t<\/div>\n\t\t\t\t\t\t<\/div>\n\t\t\t\t<\/div>\n\t\t\t\t<div class=\"elementor-element elementor-element-609d8ee sc_fly_static elementor-widget elementor-widget-text-editor\" data-id=\"609d8ee\" data-element_type=\"widget\" data-widget_type=\"text-editor.default\">\n\t\t\t\t<div class=\"elementor-widget-container\">\n\t\t\t\t\t\t\t\t\t<p><strong>Indigoweb s\u00e0rl<\/strong><strong><br \/><\/strong>Z.I. In den Allern 6<br \/>L-9911 Troisvierges<\/p><p>Tel. +352 99 70 98 36<\/p>\t\t\t\t\t\t\t\t<\/div>\n\t\t\t\t<\/div>\n\t\t\t\t\t<\/div>\n\t\t<\/div>\n\t\t\t\t<div class=\"elementor-column elementor-col-50 elementor-top-column elementor-element elementor-element-5cbc5f3 sc_content_align_inherit sc_layouts_column_icons_position_left sc_fly_static\" data-id=\"5cbc5f3\" data-element_type=\"column\">\n\t\t\t<div class=\"elementor-widget-wrap elementor-element-populated\">\n\t\t\t\t\t\t<div class=\"elementor-element elementor-element-285bfcf sc_fly_static elementor-widget elementor-widget-trx_sc_title\" data-id=\"285bfcf\" data-element_type=\"widget\" data-widget_type=\"trx_sc_title.default\">\n\t\t\t\t<div class=\"elementor-widget-container\">\n\t\t\t\t\t<div\t\tclass=\"sc_title sc_title_default\" ><h3 class=\"sc_item_title sc_title_title sc_item_title_style_default sc_item_title_tag trx_addons_inline_172620228\"\n\t\t\t><span class=\"sc_item_title_text\">H\u00e9bergement \/ Datacenter<\/span><\/h3><\/div>\t\t\t\t<\/div>\n\t\t\t\t<\/div>\n\t\t\t\t<div class=\"elementor-element elementor-element-be514d9 sc_height_small sc_fly_static elementor-widget elementor-widget-spacer\" data-id=\"be514d9\" data-element_type=\"widget\" data-widget_type=\"spacer.default\">\n\t\t\t\t<div class=\"elementor-widget-container\">\n\t\t\t\t\t\t\t<div class=\"elementor-spacer\">\n\t\t\t<div class=\"elementor-spacer-inner\"><\/div>\n\t\t<\/div>\n\t\t\t\t\t\t<\/div>\n\t\t\t\t<\/div>\n\t\t\t\t<div class=\"elementor-element elementor-element-b316d64 sc_fly_static elementor-widget elementor-widget-text-editor\" data-id=\"b316d64\" data-element_type=\"widget\" data-widget_type=\"text-editor.default\">\n\t\t\t\t<div class=\"elementor-widget-container\">\n\t\t\t\t\t\t\t\t\t<p>Host Europe GmbH<br \/>Welserstra\u00dfe 14<br \/>51149 Cologne<br \/>Germany<\/p><p>REG ID: HRB 28495<\/p><p>VAT ID: DE187370678<\/p>\t\t\t\t\t\t\t\t<\/div>\n\t\t\t\t<\/div>\n\t\t\t\t<div class=\"elementor-element elementor-element-1b83dee sc_height_small sc_fly_static elementor-widget elementor-widget-spacer\" data-id=\"1b83dee\" data-element_type=\"widget\" data-widget_type=\"spacer.default\">\n\t\t\t\t<div class=\"elementor-widget-container\">\n\t\t\t\t\t\t\t<div class=\"elementor-spacer\">\n\t\t\t<div class=\"elementor-spacer-inner\"><\/div>\n\t\t<\/div>\n\t\t\t\t\t\t<\/div>\n\t\t\t\t<\/div>\n\t\t\t\t\t<\/div>\n\t\t<\/div>\n\t\t\t\t\t<\/div>\n\t\t<\/section>\n\t\t\t\t<\/div>\n\t\t","protected":false},"excerpt":{"rendered":"<p>Editeur responsable : .trx_addons_inline_1441305844{color:#4BAF41 !important} Luxemburger Saatbau Genossenschaft (L.S.G.)5, rue Fran\u00e7ois KrackL-7737\u00a0 Colmar-Berg T\u00e9l.:\u00a0 (00352) 26 32 33 &#8211; 25Mail: info@lsg.lu MwSt. \/ TVA \/ VAT \/ BTW Nr:\u00a0 \u00a0&hellip;<\/p>\n","protected":false},"author":1,"featured_media":0,"parent":0,"menu_order":0,"comment_status":"closed","ping_status":"closed","template":"","meta":{"_monsterinsights_skip_tracking":false,"_monsterinsights_sitenote_active":false,"_monsterinsights_sitenote_note":"","_monsterinsights_sitenote_category":0,"footnotes":""},"class_list":["post-21674","page","type-page","status-publish","hentry"],"aioseo_notices":[],"_links":{"self":[{"href":"https:\/\/lsg.lu\/fr\/wp-json\/wp\/v2\/pages\/21674","targetHints":{"allow":["GET"]}}],"collection":[{"href":"https:\/\/lsg.lu\/fr\/wp-json\/wp\/v2\/pages"}],"about":[{"href":"https:\/\/lsg.lu\/fr\/wp-json\/wp\/v2\/types\/page"}],"author":[{"embeddable":true,"href":"https:\/\/lsg.lu\/fr\/wp-json\/wp\/v2\/users\/1"}],"replies":[{"embeddable":true,"href":"https:\/\/lsg.lu\/fr\/wp-json\/wp\/v2\/comments?post=21674"}],"version-history":[{"count":11,"href":"https:\/\/lsg.lu\/fr\/wp-json\/wp\/v2\/pages\/21674\/revisions"}],"predecessor-version":[{"id":25134,"href":"https:\/\/lsg.lu\/fr\/wp-json\/wp\/v2\/pages\/21674\/revisions\/25134"}],"wp:attachment":[{"href":"https:\/\/lsg.lu\/fr\/wp-json\/wp\/v2\/media?parent=21674"}],"curies":[{"name":"wp","href":"https:\/\/api.w.org\/{rel}","templated":true}]}}