{"id":21683,"date":"2020-04-30T11:12:41","date_gmt":"2020-04-30T11:12:41","guid":{"rendered":"https:\/\/lsg.lu\/?page_id=21683"},"modified":"2025-05-06T06:33:27","modified_gmt":"2025-05-06T06:33:27","slug":"contact","status":"publish","type":"page","link":"https:\/\/lsg.lu\/fr\/contact\/","title":{"rendered":"Contact"},"content":{"rendered":"\t\t<div data-elementor-type=\"wp-page\" data-elementor-id=\"21683\" class=\"elementor elementor-21683\">\n\t\t\t\t\t\t<section class=\"elementor-section elementor-top-section elementor-element elementor-element-88233a5 elementor-section-full_width elementor-section-stretched elementor-section-height-default elementor-section-height-default sc_fly_static\" data-id=\"88233a5\" data-element_type=\"section\" data-settings=\"{&quot;stretch_section&quot;:&quot;section-stretched&quot;}\">\n\t\t\t\t\t\t<div class=\"elementor-container elementor-column-gap-extended\">\n\t\t\t\t\t<div class=\"elementor-column elementor-col-100 elementor-top-column elementor-element elementor-element-bc2803a sc_content_align_inherit sc_layouts_column_icons_position_left sc_fly_static\" data-id=\"bc2803a\" data-element_type=\"column\">\n\t\t\t<div class=\"elementor-widget-wrap elementor-element-populated\">\n\t\t\t\t\t\t<div class=\"elementor-element elementor-element-fdd2edf sc_fly_static elementor-widget elementor-widget-trx_sc_osmap\" data-id=\"fdd2edf\" data-element_type=\"widget\" data-widget_type=\"trx_sc_osmap.default\">\n\t\t\t\t<div class=\"elementor-widget-container\">\n\t\t\t\t\t<div id=\"sc_osmap_407193866_wrap\" class=\"sc_osmap_wrap\"><div id=\"sc_osmap_407193866\"\t\t\tclass=\"sc_item_content sc_map sc_osmap sc_osmap_default trx_addons_inline_101771925\"\n\t\t\t \t\t\tdata-zoom=\"13\"\n\t\t\tdata-center=\"\"\n\t\t\tdata-style=\"basic\"\n\t\t\tdata-cluster-icon=\"\"\n\t\t\t><div id=\"sc_osmap_407193866_1\"\t\t\t\t\t\tclass=\"sc_osmap_marker\"\n\t\t\t\t\t\tdata-address=\"49.798160, 6.106760\"\n\t\t\t\t\t\tdata-description=\"\"\n\t\t\t\t\t\tdata-title=\"\"\n\t\t\t\t\t\tdata-icon=\"\"\n\t\t\t\t\t\tdata-icon_shadow=\"\"\n\t\t\t\t\t\tdata-icon_width=\"\"\n\t\t\t\t\t\tdata-icon_height=\"\"\n\t\t\t\t><\/div><\/div><\/div>\t\t\t\t<\/div>\n\t\t\t\t<\/div>\n\t\t\t\t\t<\/div>\n\t\t<\/div>\n\t\t\t\t\t<\/div>\n\t\t<\/section>\n\t\t\t\t<section class=\"elementor-section elementor-top-section elementor-element elementor-element-21007b6 elementor-section-stretched elementor-section-boxed elementor-section-height-default elementor-section-height-default sc_fly_static\" data-id=\"21007b6\" data-element_type=\"section\" data-settings=\"{&quot;stretch_section&quot;:&quot;section-stretched&quot;,&quot;background_background&quot;:&quot;classic&quot;}\">\n\t\t\t\t\t\t\t<div class=\"elementor-background-overlay\"><\/div>\n\t\t\t\t\t\t\t<div class=\"elementor-container elementor-column-gap-extended\">\n\t\t\t\t\t<div class=\"elementor-column elementor-col-100 elementor-top-column elementor-element elementor-element-cfe325e sc_content_align_inherit sc_layouts_column_icons_position_left sc_fly_static\" data-id=\"cfe325e\" data-element_type=\"column\">\n\t\t\t<div class=\"elementor-widget-wrap elementor-element-populated\">\n\t\t\t\t\t\t<div class=\"elementor-element elementor-element-5a2bf65 sc_height_large sc_fly_static elementor-widget elementor-widget-spacer\" data-id=\"5a2bf65\" data-element_type=\"widget\" data-widget_type=\"spacer.default\">\n\t\t\t\t<div class=\"elementor-widget-container\">\n\t\t\t\t\t\t\t<div class=\"elementor-spacer\">\n\t\t\t<div class=\"elementor-spacer-inner\"><\/div>\n\t\t<\/div>\n\t\t\t\t\t\t<\/div>\n\t\t\t\t<\/div>\n\t\t\t\t<section class=\"elementor-section elementor-inner-section elementor-element elementor-element-154b1c3 elementor-section-boxed elementor-section-height-default elementor-section-height-default sc_fly_static\" data-id=\"154b1c3\" data-element_type=\"section\">\n\t\t\t\t\t\t<div class=\"elementor-container elementor-column-gap-no\">\n\t\t\t\t\t<div class=\"elementor-column elementor-col-33 elementor-inner-column elementor-element elementor-element-2f48f13 sc_content_align_inherit sc_layouts_column_icons_position_left sc_fly_static\" data-id=\"2f48f13\" data-element_type=\"column\">\n\t\t\t<div class=\"elementor-widget-wrap elementor-element-populated\">\n\t\t\t\t\t\t<div class=\"elementor-element elementor-element-68fc381 sc_fly_static elementor-widget elementor-widget-text-editor\" data-id=\"68fc381\" data-element_type=\"widget\" data-widget_type=\"text-editor.default\">\n\t\t\t\t<div class=\"elementor-widget-container\">\n\t\t\t\t\t\t\t\t\t<div class=\"sc_icons_item with_more\"><div class=\"sc_icons_item_details\"><h4><span style=\"color: #4baf41\">Adresse de livraison<\/span><\/h4><div class=\"sc_icons_item_description\">5, rue Fran\u00e7ois Krack<\/div><div class=\"sc_icons_item_description\">L &#8211; 7737 Colmar-Berg<\/div><\/div><\/div><div>\u00a0<\/div><div><a href=\"mailto:info@lsg.lu\">info@lsg.lu<\/a><\/div><div>\u00a0<\/div><div>T. +352 26 32 33-25<\/div>\t\t\t\t\t\t\t\t<\/div>\n\t\t\t\t<\/div>\n\t\t\t\t<div class=\"elementor-element elementor-element-04cc8a1 sc_fly_static elementor-widget elementor-widget-spacer\" data-id=\"04cc8a1\" data-element_type=\"widget\" data-widget_type=\"spacer.default\">\n\t\t\t\t<div class=\"elementor-widget-container\">\n\t\t\t\t\t\t\t<div class=\"elementor-spacer\">\n\t\t\t<div class=\"elementor-spacer-inner\"><\/div>\n\t\t<\/div>\n\t\t\t\t\t\t<\/div>\n\t\t\t\t<\/div>\n\t\t\t\t<div class=\"elementor-element elementor-element-d867f41 sc_fly_static elementor-widget elementor-widget-text-editor\" data-id=\"d867f41\" data-element_type=\"widget\" data-widget_type=\"text-editor.default\">\n\t\t\t\t<div class=\"elementor-widget-container\">\n\t\t\t\t\t\t\t\t\t<div class=\"sc_icons_item with_more\">\n<div class=\"sc_icons_item_details\">\n<h4><span style=\"color: #4baf41\">Heures d&rsquo;ouverture<\/span><\/h4>\n<div class=\"sc_icons_item_description\"><b>BUREAU<\/b><\/div>\n<div class=\"sc_icons_item_description\">du lundi au vendredi<\/div>\n<div class=\"sc_icons_item_description\">08:00 &#8211; 12:00 &amp; 13:00 &#8211; 17:00<\/div>\n<div><\/div>\n<\/div>\n<\/div>\n<div class=\"sc_icons_item with_more\">\n<div class=\"sc_icons_item_details\">\n<div class=\"sc_icons_item_description\"><b>DEPOT<\/b><\/div>\n<div class=\"sc_icons_item_description\">du lundi au vendredi<\/div>\n<div class=\"sc_icons_item_description\">07:15 &#8211; 12:00 &amp; 13:00 &#8211; 16:15<\/div>\n<\/div>\n<\/div>\t\t\t\t\t\t\t\t<\/div>\n\t\t\t\t<\/div>\n\t\t\t\t\t<\/div>\n\t\t<\/div>\n\t\t\t\t<div class=\"elementor-column elementor-col-66 elementor-inner-column elementor-element elementor-element-6f51ef1 sc_content_align_inherit sc_layouts_column_icons_position_left sc_fly_static\" data-id=\"6f51ef1\" data-element_type=\"column\">\n\t\t\t<div class=\"elementor-widget-wrap elementor-element-populated\">\n\t\t\t\t\t\t<div class=\"elementor-element elementor-element-7ccf61c sc_fly_static elementor-widget elementor-widget-text-editor\" data-id=\"7ccf61c\" data-element_type=\"widget\" data-widget_type=\"text-editor.default\">\n\t\t\t\t<div class=\"elementor-widget-container\">\n\t\t\t\t\t\t\t\t\t<div class=\"sc_icons_item with_more\">\n<div class=\"sc_icons_item_details\">\n<h4><span style=\"color: #4baf41\">\u00c9crivez-nous<\/span><\/h4>\n<\/div>\n<\/div>\t\t\t\t\t\t\t\t<\/div>\n\t\t\t\t<\/div>\n\t\t\t\t<div class=\"elementor-element elementor-element-9632603 sc_fly_static elementor-widget elementor-widget-trx_sc_contact_form_7\" data-id=\"9632603\" data-element_type=\"widget\" data-widget_type=\"trx_sc_contact_form_7.default\">\n\t\t\t\t<div class=\"elementor-widget-container\">\n\t\t\t\t\t\n<div class=\"wpcf7 no-js\" id=\"wpcf7-f22255-o1\" lang=\"de-DE\" dir=\"ltr\" data-wpcf7-id=\"22255\">\n<div class=\"screen-reader-response\"><p role=\"status\" aria-live=\"polite\" aria-atomic=\"true\"><\/p> <ul><\/ul><\/div>\n<form action=\"\/fr\/wp-json\/wp\/v2\/pages\/21683#wpcf7-f22255-o1\" method=\"post\" class=\"wpcf7-form init\" aria-label=\"Kontaktformular\" novalidate=\"novalidate\" data-status=\"init\">\n<fieldset class=\"hidden-fields-container\"><input type=\"hidden\" name=\"_wpcf7\" value=\"22255\" \/><input type=\"hidden\" name=\"_wpcf7_version\" value=\"6.1.5\" \/><input type=\"hidden\" name=\"_wpcf7_locale\" value=\"de_DE\" \/><input type=\"hidden\" name=\"_wpcf7_unit_tag\" value=\"wpcf7-f22255-o1\" \/><input type=\"hidden\" name=\"_wpcf7_container_post\" value=\"0\" \/><input type=\"hidden\" name=\"_wpcf7_posted_data_hash\" value=\"\" \/><input type=\"hidden\" name=\"_wpcf7_recaptcha_response\" value=\"\" \/>\n<\/fieldset>\n<div class=\"form-style-1\">\n\t<div class=\"columns_wrap\">\n\t\t<div class=\"column-1_2\">\n\t\t\t<p><span class=\"style-line icon-name\"><span class=\"wpcf7-form-control-wrap\" data-name=\"your-name\"><input size=\"40\" maxlength=\"400\" class=\"wpcf7-form-control wpcf7-text wpcf7-validates-as-required\" aria-required=\"true\" aria-invalid=\"false\" placeholder=\"Nom\" value=\"\" type=\"text\" name=\"your-name\" \/><\/span><\/span>\n\t\t\t<\/p>\n\t\t<\/div>\n\t\t<div class=\"column-1_2\">\n\t\t\t<p><span class=\"style-line icon-email\"><span class=\"wpcf7-form-control-wrap\" data-name=\"your-email\"><input size=\"40\" maxlength=\"400\" class=\"wpcf7-form-control wpcf7-email wpcf7-validates-as-required wpcf7-text wpcf7-validates-as-email\" aria-required=\"true\" aria-invalid=\"false\" placeholder=\"Email\" value=\"\" type=\"email\" name=\"your-email\" \/><\/span><\/span>\n\t\t\t<\/p>\n\t\t<\/div>\n\t<\/div>\n\t<div class=\"columns_wrap\">\n\t\t<div class=\"column-1_2\">\n\t\t\t<p><span class=\"style-line icon-phone\"><span class=\"wpcf7-form-control-wrap\" data-name=\"phone\"><input size=\"40\" maxlength=\"400\" class=\"wpcf7-form-control wpcf7-tel wpcf7-validates-as-required wpcf7-text wpcf7-validates-as-tel\" aria-required=\"true\" aria-invalid=\"false\" placeholder=\"N\u00b0 de Tel\" value=\"\" type=\"tel\" name=\"phone\" \/><\/span><\/span>\n\t\t\t<\/p>\n\t\t<\/div>\n\t\t<div class=\"column-1_2\">\n\t\t\t<p><span class=\"style-line icon-subject\"><span class=\"wpcf7-form-control-wrap\" data-name=\"subject\"><input size=\"40\" maxlength=\"400\" class=\"wpcf7-form-control wpcf7-text wpcf7-validates-as-required\" aria-required=\"true\" aria-invalid=\"false\" placeholder=\"Sujet\" value=\"\" type=\"text\" name=\"subject\" \/><\/span><\/span>\n\t\t\t<\/p>\n\t\t<\/div>\n\t<\/div>\n\t<div class=\"columns_wrap margin-bottom\">\n\t\t<div class=\"column-1_1\">\n\t\t\t<p><span class=\"style-line icon-textarea\"><span class=\"wpcf7-form-control-wrap\" data-name=\"your-message\"><textarea cols=\"40\" rows=\"10\" maxlength=\"2000\" class=\"wpcf7-form-control wpcf7-textarea wpcf7-validates-as-required\" aria-required=\"true\" aria-invalid=\"false\" placeholder=\"Comment pouvons-nous vous aider ? Il vous suffit de prendre contact avec nous !\" name=\"your-message\"><\/textarea><\/span><\/span>\n\t\t\t<\/p>\n\t\t<\/div>\n\t<\/div>\n\t<p><input class=\"wpcf7-form-control wpcf7-submit has-spinner\" type=\"submit\" value=\"Prendre contact\" \/><span class=\"wpcf7-form-control-wrap\" data-name=\"acceptance\"><span class=\"wpcf7-form-control wpcf7-acceptance\"><span class=\"wpcf7-list-item\"><label><input type=\"checkbox\" name=\"acceptance\" value=\"1\" aria-invalid=\"false\" \/><span class=\"wpcf7-list-item-label\">J'accepte que les donn\u00e9es que j'ai transmises soient collect\u00e9es et enregistr\u00e9es. <a href=\"\/privacy-policy\/\"><\/a>.<\/span><\/label><\/span><\/span><\/span>\n\t<\/p>\n<\/div><div class=\"wpcf7-response-output\" aria-hidden=\"true\"><\/div>\n<\/form>\n<\/div>\n\t\t\t\t<\/div>\n\t\t\t\t<\/div>\n\t\t\t\t\t<\/div>\n\t\t<\/div>\n\t\t\t\t\t<\/div>\n\t\t<\/section>\n\t\t\t\t<div class=\"elementor-element elementor-element-53ac9d7 sc_height_huge sc_fly_static elementor-widget elementor-widget-spacer\" data-id=\"53ac9d7\" data-element_type=\"widget\" data-widget_type=\"spacer.default\">\n\t\t\t\t<div class=\"elementor-widget-container\">\n\t\t\t\t\t\t\t<div class=\"elementor-spacer\">\n\t\t\t<div class=\"elementor-spacer-inner\"><\/div>\n\t\t<\/div>\n\t\t\t\t\t\t<\/div>\n\t\t\t\t<\/div>\n\t\t\t\t\t<\/div>\n\t\t<\/div>\n\t\t\t\t\t<\/div>\n\t\t<\/section>\n\t\t\t\t<section class=\"elementor-section elementor-top-section elementor-element elementor-element-0ca6ae6 elementor-section-boxed elementor-section-height-default elementor-section-height-default sc_fly_static\" data-id=\"0ca6ae6\" data-element_type=\"section\" data-settings=\"{&quot;background_background&quot;:&quot;classic&quot;}\">\n\t\t\t\t\t\t<div class=\"elementor-container elementor-column-gap-extended\">\n\t\t\t\t\t<div class=\"elementor-column elementor-col-100 elementor-top-column elementor-element elementor-element-b2e98b3 sc_content_align_inherit sc_layouts_column_icons_position_left sc_fly_static\" data-id=\"b2e98b3\" data-element_type=\"column\">\n\t\t\t<div class=\"elementor-widget-wrap elementor-element-populated\">\n\t\t\t\t\t\t<div class=\"elementor-element elementor-element-a82c94e sc_fly_static elementor-widget elementor-widget-trx_sc_title\" data-id=\"a82c94e\" data-element_type=\"widget\" data-widget_type=\"trx_sc_title.default\">\n\t\t\t\t<div class=\"elementor-widget-container\">\n\t\t\t\t\t<div\t\tclass=\"sc_title sc_title_default\" ><h4 class=\"sc_item_title sc_title_title sc_align_center sc_item_title_style_default sc_item_title_tag trx_addons_inline_239619086\"\n\t\t\t><span class=\"sc_item_title_text\">Nos interlocuteurs<\/span><\/h4><\/div>\t\t\t\t<\/div>\n\t\t\t\t<\/div>\n\t\t\t\t<div class=\"elementor-element elementor-element-7255f06 sc_fly_static elementor-widget elementor-widget-trx_sc_title\" data-id=\"7255f06\" data-element_type=\"widget\" data-widget_type=\"trx_sc_title.default\">\n\t\t\t\t<div class=\"elementor-widget-container\">\n\t\t\t\t\t<div\t\tclass=\"sc_title sc_title_default\" ><h5 class=\"sc_item_title sc_title_title sc_align_center sc_item_title_style_default sc_item_title_tag trx_addons_inline_1708767911\"\n\t\t\t><span class=\"sc_item_title_text\">Contactez-nous<\/span><\/h5><\/div>\t\t\t\t<\/div>\n\t\t\t\t<\/div>\n\t\t\t\t<div class=\"elementor-element elementor-element-e57a135 sc_fly_static elementor-widget elementor-widget-spacer\" data-id=\"e57a135\" data-element_type=\"widget\" data-widget_type=\"spacer.default\">\n\t\t\t\t<div class=\"elementor-widget-container\">\n\t\t\t\t\t\t\t<div class=\"elementor-spacer\">\n\t\t\t<div class=\"elementor-spacer-inner\"><\/div>\n\t\t<\/div>\n\t\t\t\t\t\t<\/div>\n\t\t\t\t<\/div>\n\t\t\t\t\t<\/div>\n\t\t<\/div>\n\t\t\t\t\t<\/div>\n\t\t<\/section>\n\t\t\t\t<section class=\"elementor-section elementor-top-section elementor-element elementor-element-cb96b67 elementor-section-full_width elementor-section-height-default elementor-section-height-default sc_fly_static\" data-id=\"cb96b67\" data-element_type=\"section\">\n\t\t\t\t\t\t<div class=\"elementor-container elementor-column-gap-extended\">\n\t\t\t\t\t<div class=\"elementor-column elementor-col-50 elementor-top-column elementor-element elementor-element-c1ebd97 sc_content_align_inherit sc_layouts_column_icons_position_left sc_fly_static\" data-id=\"c1ebd97\" data-element_type=\"column\">\n\t\t\t<div class=\"elementor-widget-wrap elementor-element-populated\">\n\t\t\t\t\t\t<div class=\"elementor-element elementor-element-0bd32a7 elementor-widget__width-initial sc_fly_static elementor-widget elementor-widget-trx_widget_contacts\" data-id=\"0bd32a7\" data-element_type=\"widget\" data-widget_type=\"trx_widget_contacts.default\">\n\t\t\t\t<div class=\"elementor-widget-container\">\n\t\t\t\t\t<div class=\"widget_area sc_widget_contacts\"><aside class=\"widget widget_contacts\"><div class=\"contacts_wrap\"><div class=\"contacts_logo\"><img decoding=\"async\" src=\"\/\/lsg.lu\/wp-content\/uploads\/2022\/06\/Lsg-avatar-maenner.png\" alt=\"Contact&#039;s logo\" width=\"200\" height=\"200\"><\/div><div class=\"contacts_description\"><h4>Steve Turmes<\/h4><p>Directeur g\u00e9n\u00e9ral<\/p><\/div><div class=\"contacts_info\"><span class=\"contacts_email\"><a href=\"mailto:&#116;&#117;rme&#115;s&#64;lsg&#46;lu\">&#116;&#117;r&#109;e&#115;&#115;&#64;l&#115;&#103;.&#108;&#117;<\/a><\/span><a href=\"tel:26323320\" class=\"contacts_phone\">26 32 33 20<\/a><\/div><\/div><\/aside><\/div>\t\t\t\t<\/div>\n\t\t\t\t<\/div>\n\t\t\t\t\t<\/div>\n\t\t<\/div>\n\t\t\t\t<div class=\"elementor-column elementor-col-50 elementor-top-column elementor-element elementor-element-d969126 sc_content_align_inherit sc_layouts_column_icons_position_left sc_fly_static\" data-id=\"d969126\" data-element_type=\"column\">\n\t\t\t<div class=\"elementor-widget-wrap elementor-element-populated\">\n\t\t\t\t\t\t<div class=\"elementor-element elementor-element-a572963 elementor-widget__width-initial sc_fly_static elementor-widget elementor-widget-trx_widget_contacts\" data-id=\"a572963\" data-element_type=\"widget\" data-widget_type=\"trx_widget_contacts.default\">\n\t\t\t\t<div class=\"elementor-widget-container\">\n\t\t\t\t\t<div class=\"widget_area sc_widget_contacts\"><aside class=\"widget widget_contacts\"><div class=\"contacts_wrap\"><div class=\"contacts_logo\"><img decoding=\"async\" src=\"\/\/lsg.lu\/wp-content\/uploads\/2022\/06\/Lsg-avatar-maenner.png\" alt=\"Contact&#039;s logo\" width=\"200\" height=\"200\"><\/div><div class=\"contacts_description\"><h4>Pit Wilge<\/h4><p>Directeur g\u00e9n\u00e9ral adjoint<\/p><\/div><div class=\"contacts_info\"><span class=\"contacts_email\"><a href=\"mailto:&#119;&#105;lgep&#64;ls&#103;.lu\">w&#105;lg&#101;&#112;&#64;&#108;&#115;g&#46;&#108;u<\/a><\/span><a href=\"tel:26323325\" class=\"contacts_phone\">26 32 33 25<\/a><\/div><\/div><\/aside><\/div>\t\t\t\t<\/div>\n\t\t\t\t<\/div>\n\t\t\t\t\t<\/div>\n\t\t<\/div>\n\t\t\t\t\t<\/div>\n\t\t<\/section>\n\t\t\t\t<section class=\"elementor-section-with-custom-width elementor-section elementor-top-section elementor-element elementor-element-dc9808d elementor-section-boxed elementor-section-height-default elementor-section-height-default sc_fly_static\" data-id=\"dc9808d\" data-element_type=\"section\">\n\t\t\t\t\t\t<div class=\"elementor-container elementor-column-gap-default\">\n\t\t\t\t\t<div class=\"elementor-column elementor-col-25 elementor-top-column elementor-element elementor-element-7af4d14 sc_content_align_inherit sc_layouts_column_icons_position_left sc_fly_static\" data-id=\"7af4d14\" data-element_type=\"column\">\n\t\t\t<div class=\"elementor-widget-wrap elementor-element-populated\">\n\t\t\t\t\t\t<div class=\"elementor-element elementor-element-31f2ce9 elementor-widget__width-initial sc_fly_static elementor-widget elementor-widget-trx_widget_contacts\" data-id=\"31f2ce9\" data-element_type=\"widget\" data-widget_type=\"trx_widget_contacts.default\">\n\t\t\t\t<div class=\"elementor-widget-container\">\n\t\t\t\t\t<div class=\"widget_area sc_widget_contacts\"><aside class=\"widget widget_contacts\"><div class=\"contacts_wrap\"><div class=\"contacts_logo\"><img decoding=\"async\" src=\"\/\/lsg.lu\/wp-content\/uploads\/2022\/06\/Lsg-avatar-maenner.png\" alt=\"Contact&#039;s logo\" width=\"200\" height=\"200\"><\/div><div class=\"contacts_description\"><h4 style=\"text-align: left\">Pol Thelen<\/h4><p>Chef de production<\/p><\/div><div class=\"contacts_info\"><span class=\"contacts_email\"><a href=\"mailto:t&#104;&#101;&#108;&#101;n&#112;&#64;&#108;sg&#46;lu\">thel&#101;np&#64;&#108;sg&#46;lu<\/a><\/span><a href=\"tel:26323321\" class=\"contacts_phone\">26 32 33 21<\/a><\/div><\/div><\/aside><\/div>\t\t\t\t<\/div>\n\t\t\t\t<\/div>\n\t\t\t\t\t<\/div>\n\t\t<\/div>\n\t\t\t\t<div class=\"elementor-column elementor-col-25 elementor-top-column elementor-element elementor-element-149e5f8 sc_content_align_inherit sc_layouts_column_icons_position_left sc_fly_static\" data-id=\"149e5f8\" data-element_type=\"column\">\n\t\t\t<div class=\"elementor-widget-wrap elementor-element-populated\">\n\t\t\t\t\t\t<div class=\"elementor-element elementor-element-6a0b1d7 elementor-widget__width-initial sc_fly_static elementor-widget elementor-widget-trx_widget_contacts\" data-id=\"6a0b1d7\" data-element_type=\"widget\" data-widget_type=\"trx_widget_contacts.default\">\n\t\t\t\t<div class=\"elementor-widget-container\">\n\t\t\t\t\t<div class=\"widget_area sc_widget_contacts\"><aside class=\"widget widget_contacts\"><div class=\"contacts_wrap\"><div class=\"contacts_logo\"><img decoding=\"async\" src=\"\/\/lsg.lu\/wp-content\/uploads\/2024\/12\/Lsg-avatar-maenner.png\" alt=\"Contact&#039;s logo\" width=\"200\" height=\"200\"><\/div><div class=\"contacts_description\"><h4>Pascal Bacic<\/h4><p>Secr\u00e8tariat<\/p><\/div><div class=\"contacts_info\"><span class=\"contacts_email\"><a href=\"mailto:b&#97;&#99;ic&#112;&#64;&#108;&#115;&#103;.lu\">&#98;ac&#105;&#99;&#112;&#64;lsg&#46;lu<\/a><\/span><a href=\"tel:26323322\" class=\"contacts_phone\">26 32 33 22<\/a><\/div><\/div><\/aside><\/div>\t\t\t\t<\/div>\n\t\t\t\t<\/div>\n\t\t\t\t\t<\/div>\n\t\t<\/div>\n\t\t\t\t<div class=\"elementor-column elementor-col-25 elementor-top-column elementor-element elementor-element-2a42a03 sc_content_align_inherit sc_layouts_column_icons_position_left sc_fly_static\" data-id=\"2a42a03\" data-element_type=\"column\">\n\t\t\t<div class=\"elementor-widget-wrap elementor-element-populated\">\n\t\t\t\t\t\t<div class=\"elementor-element elementor-element-2932403 elementor-widget__width-initial sc_fly_static elementor-widget elementor-widget-trx_widget_contacts\" data-id=\"2932403\" data-element_type=\"widget\" data-widget_type=\"trx_widget_contacts.default\">\n\t\t\t\t<div class=\"elementor-widget-container\">\n\t\t\t\t\t<div class=\"widget_area sc_widget_contacts\"><aside class=\"widget widget_contacts\"><div class=\"contacts_wrap\"><div class=\"contacts_logo\"><img decoding=\"async\" src=\"\/\/lsg.lu\/wp-content\/uploads\/2022\/06\/Lsg-avatar-maenner.png\" alt=\"Contact&#039;s logo\" width=\"200\" height=\"200\"><\/div><div class=\"contacts_description\"><h4>Pit Arend<\/h4><p>Responsable qualit\u00e9<\/p><\/div><div class=\"contacts_info\"><span class=\"contacts_email\"><a href=\"mailto:arend&#112;&#64;l&#115;&#103;&#46;&#108;&#117;\">&#97;r&#101;ndp&#64;&#108;s&#103;.l&#117;<\/a><\/span><a href=\"tel:26323327\" class=\"contacts_phone\">26 32 33 27<\/a><\/div><\/div><\/aside><\/div>\t\t\t\t<\/div>\n\t\t\t\t<\/div>\n\t\t\t\t\t<\/div>\n\t\t<\/div>\n\t\t\t\t<div class=\"elementor-column elementor-col-25 elementor-top-column elementor-element elementor-element-fb7b680 sc_content_align_inherit sc_layouts_column_icons_position_left sc_fly_static\" data-id=\"fb7b680\" data-element_type=\"column\">\n\t\t\t<div class=\"elementor-widget-wrap elementor-element-populated\">\n\t\t\t\t\t\t<div class=\"elementor-element elementor-element-e5f0742 elementor-widget__width-initial sc_fly_static elementor-widget elementor-widget-trx_widget_contacts\" data-id=\"e5f0742\" data-element_type=\"widget\" data-widget_type=\"trx_widget_contacts.default\">\n\t\t\t\t<div class=\"elementor-widget-container\">\n\t\t\t\t\t<div class=\"widget_area sc_widget_contacts\"><aside class=\"widget widget_contacts\"><div class=\"contacts_wrap\"><div class=\"contacts_logo\"><img decoding=\"async\" src=\"\/\/lsg.lu\/wp-content\/uploads\/2022\/06\/Lsg-avatar-frauen.png\" alt=\"Contact&#039;s logo\" width=\"200\" height=\"200\"><\/div><div class=\"contacts_description\"><h4>Mandy Gutenberg<\/h4><p>Planification de la production<\/p><\/div><div class=\"contacts_info\"><span class=\"contacts_email\"><a href=\"mailto:gu&#116;e&#110;&#98;&#101;&#114;&#103;&#109;&#64;l&#115;&#103;&#46;lu\">&#103;u&#116;e&#110;be&#114;g&#109;&#64;&#108;sg.lu<\/a><\/span><a href=\"tel:26323329\" class=\"contacts_phone\">26 32 33 29<\/a><\/div><\/div><\/aside><\/div>\t\t\t\t<\/div>\n\t\t\t\t<\/div>\n\t\t\t\t\t<\/div>\n\t\t<\/div>\n\t\t\t\t\t<\/div>\n\t\t<\/section>\n\t\t\t\t<\/div>\n\t\t","protected":false},"excerpt":{"rendered":"<p>.trx_addons_inline_737659224{width:100%;height:350px;} Adresse de livraison 5, rue Fran\u00e7ois KrackL &#8211; 7737 Colmar-Berg\u00a0info@lsg.lu\u00a0T. +352 26 32 33-25 Heures d&rsquo;ouverture BUREAU du lundi au vendredi 08:00 &#8211; 12:00 &amp; 13:00 &#8211; 17:00 DEPOT&hellip;<\/p>\n","protected":false},"author":1,"featured_media":0,"parent":0,"menu_order":0,"comment_status":"closed","ping_status":"closed","template":"","meta":{"_monsterinsights_skip_tracking":false,"_monsterinsights_sitenote_active":false,"_monsterinsights_sitenote_note":"","_monsterinsights_sitenote_category":0,"footnotes":""},"class_list":["post-21683","page","type-page","status-publish","hentry"],"aioseo_notices":[],"_links":{"self":[{"href":"https:\/\/lsg.lu\/fr\/wp-json\/wp\/v2\/pages\/21683","targetHints":{"allow":["GET"]}}],"collection":[{"href":"https:\/\/lsg.lu\/fr\/wp-json\/wp\/v2\/pages"}],"about":[{"href":"https:\/\/lsg.lu\/fr\/wp-json\/wp\/v2\/types\/page"}],"author":[{"embeddable":true,"href":"https:\/\/lsg.lu\/fr\/wp-json\/wp\/v2\/users\/1"}],"replies":[{"embeddable":true,"href":"https:\/\/lsg.lu\/fr\/wp-json\/wp\/v2\/comments?post=21683"}],"version-history":[{"count":47,"href":"https:\/\/lsg.lu\/fr\/wp-json\/wp\/v2\/pages\/21683\/revisions"}],"predecessor-version":[{"id":27283,"href":"https:\/\/lsg.lu\/fr\/wp-json\/wp\/v2\/pages\/21683\/revisions\/27283"}],"wp:attachment":[{"href":"https:\/\/lsg.lu\/fr\/wp-json\/wp\/v2\/media?parent=21683"}],"curies":[{"name":"wp","href":"https:\/\/api.w.org\/{rel}","templated":true}]}}