{"id":22536,"date":"2022-11-28T09:18:38","date_gmt":"2022-11-28T09:18:38","guid":{"rendered":"https:\/\/lsg.lu\/?page_id=22536"},"modified":"2024-06-03T06:22:34","modified_gmt":"2024-06-03T06:22:34","slug":"melanges-gps","status":"publish","type":"page","link":"https:\/\/lsg.lu\/fr\/melanges-gps\/","title":{"rendered":"M\u00e9langes GPS"},"content":{"rendered":"\t\t<div data-elementor-type=\"wp-page\" data-elementor-id=\"22536\" class=\"elementor elementor-22536\">\n\t\t\t\t\t\t<section class=\"elementor-section elementor-top-section elementor-element elementor-element-63bf275 elementor-section-full_width elementor-section-height-default elementor-section-height-default sc_fly_static\" data-id=\"63bf275\" data-element_type=\"section\">\n\t\t\t\t\t\t<div class=\"elementor-container elementor-column-gap-no\">\n\t\t\t\t\t<div class=\"elementor-column elementor-col-100 elementor-top-column elementor-element elementor-element-c9f05ec sc_content_align_inherit sc_layouts_column_icons_position_left sc_fly_static\" data-id=\"c9f05ec\" data-element_type=\"column\">\n\t\t\t<div class=\"elementor-widget-wrap elementor-element-populated\">\n\t\t\t\t\t\t<div class=\"elementor-element elementor-element-9035c1e sc_fly_static elementor-widget elementor-widget-image\" data-id=\"9035c1e\" data-element_type=\"widget\" data-widget_type=\"image.default\">\n\t\t\t\t<div class=\"elementor-widget-container\">\n\t\t\t\t\t\t\t\t\t\t\t\t\t\t\t<img fetchpriority=\"high\" decoding=\"async\" width=\"2500\" height=\"441\" src=\"https:\/\/lsg.lu\/wp-content\/uploads\/2022\/07\/LSG-header-zwischenfruechte.jpg\" class=\"attachment-full size-full wp-image-19604\" alt=\"\" srcset=\"https:\/\/lsg.lu\/wp-content\/uploads\/2022\/07\/LSG-header-zwischenfruechte.jpg 2500w, https:\/\/lsg.lu\/wp-content\/uploads\/2022\/07\/LSG-header-zwischenfruechte-300x53.jpg 300w, https:\/\/lsg.lu\/wp-content\/uploads\/2022\/07\/LSG-header-zwischenfruechte-1024x181.jpg 1024w, https:\/\/lsg.lu\/wp-content\/uploads\/2022\/07\/LSG-header-zwischenfruechte-768x135.jpg 768w, https:\/\/lsg.lu\/wp-content\/uploads\/2022\/07\/LSG-header-zwischenfruechte-1536x271.jpg 1536w, https:\/\/lsg.lu\/wp-content\/uploads\/2022\/07\/LSG-header-zwischenfruechte-2048x361.jpg 2048w, https:\/\/lsg.lu\/wp-content\/uploads\/2022\/07\/LSG-header-zwischenfruechte-370x65.jpg 370w, https:\/\/lsg.lu\/wp-content\/uploads\/2022\/07\/LSG-header-zwischenfruechte-840x148.jpg 840w, https:\/\/lsg.lu\/wp-content\/uploads\/2022\/07\/LSG-header-zwischenfruechte-410x72.jpg 410w\" sizes=\"(max-width: 2500px) 100vw, 2500px\" \/>\t\t\t\t\t\t\t\t\t\t\t\t\t\t\t<\/div>\n\t\t\t\t<\/div>\n\t\t\t\t\t<\/div>\n\t\t<\/div>\n\t\t\t\t\t<\/div>\n\t\t<\/section>\n\t\t\t\t<section data-animation-type=\"block\" class=\"elementor-section elementor-top-section elementor-element elementor-element-50511e57 elementor-section-boxed elementor-section-height-default elementor-section-height-default animation_type_block sc_fly_static elementor-invisible\" data-id=\"50511e57\" data-element_type=\"section\" data-settings=\"{&quot;background_background&quot;:&quot;classic&quot;,&quot;animation&quot;:&quot;fadeIn&quot;}\">\n\t\t\t\t\t\t<div class=\"elementor-container elementor-column-gap-extended\">\n\t\t\t\t\t<div class=\"elementor-column elementor-col-100 elementor-top-column elementor-element elementor-element-315dc246 sc_content_align_inherit sc_layouts_column_icons_position_left sc_fly_static\" data-id=\"315dc246\" data-element_type=\"column\">\n\t\t\t<div class=\"elementor-widget-wrap elementor-element-populated\">\n\t\t\t\t\t\t<div class=\"elementor-element elementor-element-25b7759 sc_layouts_hide_on_tablet sc_layouts_hide_on_mobile sc_fly_static elementor-widget elementor-widget-trx_sc_layouts_menu\" data-id=\"25b7759\" data-element_type=\"widget\" data-widget_type=\"trx_sc_layouts_menu.default\">\n\t\t\t\t<div class=\"elementor-widget-container\">\n\t\t\t\t\t<nav class=\"sc_layouts_menu sc_layouts_menu_default sc_layouts_menu_dir_horizontal menu_hover_slide_line hide_on_mobile\" data-animation-in=\"fadeIn\" data-animation-out=\"fadeOut\" ><ul id=\"sc_layouts_menu_1792812767\" class=\"sc_layouts_menu_nav\"><li id=\"menu-item-22541\" class=\"menu-item menu-item-type-custom menu-item-object-custom menu-item-22541\"><a href=\"#lsglegugreen\"><span>LSG Legu-Green<\/span><\/a><\/li><li id=\"menu-item-22542\" class=\"menu-item menu-item-type-custom menu-item-object-custom menu-item-22542\"><a href=\"#dsvgps\"><span>DSV GPS<\/span><\/a><\/li><\/ul><\/nav>\t\t\t\t<\/div>\n\t\t\t\t<\/div>\n\t\t\t\t\t<\/div>\n\t\t<\/div>\n\t\t\t\t\t<\/div>\n\t\t<\/section>\n\t\t\t\t<section class=\"elementor-section elementor-top-section elementor-element elementor-element-00a2060 elementor-section-boxed elementor-section-height-default elementor-section-height-default sc_fly_static\" data-id=\"00a2060\" data-element_type=\"section\" data-settings=\"{&quot;background_background&quot;:&quot;classic&quot;}\">\n\t\t\t\t\t\t<div class=\"elementor-container elementor-column-gap-extended\">\n\t\t\t\t\t<div class=\"elementor-column elementor-col-100 elementor-top-column elementor-element elementor-element-5eb5aa5 sc_content_align_inherit sc_layouts_column_icons_position_left sc_fly_static\" data-id=\"5eb5aa5\" data-element_type=\"column\">\n\t\t\t<div class=\"elementor-widget-wrap elementor-element-populated\">\n\t\t\t\t\t\t<div class=\"elementor-element elementor-element-62b388c sc_height_huge sc_fly_static elementor-widget elementor-widget-spacer\" data-id=\"62b388c\" data-element_type=\"widget\" data-widget_type=\"spacer.default\">\n\t\t\t\t<div class=\"elementor-widget-container\">\n\t\t\t\t\t\t\t<div class=\"elementor-spacer\">\n\t\t\t<div class=\"elementor-spacer-inner\"><\/div>\n\t\t<\/div>\n\t\t\t\t\t\t<\/div>\n\t\t\t\t<\/div>\n\t\t\t\t\t<\/div>\n\t\t<\/div>\n\t\t\t\t\t<\/div>\n\t\t<\/section>\n\t\t\t\t<section class=\"elementor-section elementor-top-section elementor-element elementor-element-26dc149 scheme_default elementor-section-boxed elementor-section-height-default elementor-section-height-default sc_fly_static\" data-id=\"26dc149\" data-element_type=\"section\" data-settings=\"{&quot;background_background&quot;:&quot;classic&quot;}\">\n\t\t\t\t\t\t<div class=\"elementor-container elementor-column-gap-extended\">\n\t\t\t\t\t<div class=\"elementor-column elementor-col-50 elementor-top-column elementor-element elementor-element-b8e8b93 sc_content_align_inherit sc_layouts_column_icons_position_left sc_fly_static\" data-id=\"b8e8b93\" data-element_type=\"column\">\n\t\t\t<div class=\"elementor-widget-wrap elementor-element-populated\">\n\t\t\t\t\t\t<div class=\"elementor-element elementor-element-3035d72 sc_fly_static elementor-widget elementor-widget-image\" data-id=\"3035d72\" data-element_type=\"widget\" data-widget_type=\"image.default\">\n\t\t\t\t<div class=\"elementor-widget-container\">\n\t\t\t\t\t\t\t\t\t\t\t\t\t\t\t<img decoding=\"async\" width=\"835\" height=\"599\" src=\"https:\/\/lsg.lu\/wp-content\/uploads\/2022\/07\/LSG-zwischenfruechte.jpg\" class=\"attachment-large size-large wp-image-20446\" alt=\"\" srcset=\"https:\/\/lsg.lu\/wp-content\/uploads\/2022\/07\/LSG-zwischenfruechte.jpg 835w, https:\/\/lsg.lu\/wp-content\/uploads\/2022\/07\/LSG-zwischenfruechte-300x215.jpg 300w, https:\/\/lsg.lu\/wp-content\/uploads\/2022\/07\/LSG-zwischenfruechte-768x551.jpg 768w, https:\/\/lsg.lu\/wp-content\/uploads\/2022\/07\/LSG-zwischenfruechte-370x265.jpg 370w, https:\/\/lsg.lu\/wp-content\/uploads\/2022\/07\/LSG-zwischenfruechte-410x294.jpg 410w\" sizes=\"(max-width: 835px) 100vw, 835px\" \/>\t\t\t\t\t\t\t\t\t\t\t\t\t\t\t<\/div>\n\t\t\t\t<\/div>\n\t\t\t\t<div class=\"elementor-element elementor-element-d5ca560 sc_height_small sc_fly_static elementor-widget elementor-widget-spacer\" data-id=\"d5ca560\" data-element_type=\"widget\" data-widget_type=\"spacer.default\">\n\t\t\t\t<div class=\"elementor-widget-container\">\n\t\t\t\t\t\t\t<div class=\"elementor-spacer\">\n\t\t\t<div class=\"elementor-spacer-inner\"><\/div>\n\t\t<\/div>\n\t\t\t\t\t\t<\/div>\n\t\t\t\t<\/div>\n\t\t\t\t<div class=\"elementor-element elementor-element-909b3f1 sc_height_small sc_fly_static elementor-widget elementor-widget-spacer\" data-id=\"909b3f1\" data-element_type=\"widget\" data-widget_type=\"spacer.default\">\n\t\t\t\t<div class=\"elementor-widget-container\">\n\t\t\t\t\t\t\t<div class=\"elementor-spacer\">\n\t\t\t<div class=\"elementor-spacer-inner\"><\/div>\n\t\t<\/div>\n\t\t\t\t\t\t<\/div>\n\t\t\t\t<\/div>\n\t\t\t\t\t<\/div>\n\t\t<\/div>\n\t\t\t\t<div class=\"elementor-column elementor-col-50 elementor-top-column elementor-element elementor-element-4b59a17 sc_content_align_inherit sc_layouts_column_icons_position_left sc_fly_static\" data-id=\"4b59a17\" data-element_type=\"column\">\n\t\t\t<div class=\"elementor-widget-wrap elementor-element-populated\">\n\t\t\t\t\t\t<div class=\"elementor-element elementor-element-1273e3c sc_fly_static elementor-widget elementor-widget-trx_sc_title\" data-id=\"1273e3c\" data-element_type=\"widget\" data-widget_type=\"trx_sc_title.default\">\n\t\t\t\t<div class=\"elementor-widget-container\">\n\t\t\t\t\t<div\t\tclass=\"sc_title sc_title_default\" ><h1 class=\"sc_item_title sc_title_title sc_item_title_style_default sc_item_title_tag trx_addons_inline_462486923\"\n\t\t\t><span class=\"sc_item_title_text\">M\u00e9langes GPS<\/span><\/h1><\/div>\t\t\t\t<\/div>\n\t\t\t\t<\/div>\n\t\t\t\t<div class=\"elementor-element elementor-element-f730b7f sc_fly_static elementor-widget elementor-widget-spacer\" data-id=\"f730b7f\" data-element_type=\"widget\" data-widget_type=\"spacer.default\">\n\t\t\t\t<div class=\"elementor-widget-container\">\n\t\t\t\t\t\t\t<div class=\"elementor-spacer\">\n\t\t\t<div class=\"elementor-spacer-inner\"><\/div>\n\t\t<\/div>\n\t\t\t\t\t\t<\/div>\n\t\t\t\t<\/div>\n\t\t\t\t\t<\/div>\n\t\t<\/div>\n\t\t\t\t\t<\/div>\n\t\t<\/section>\n\t\t\t\t<section class=\"elementor-section elementor-top-section elementor-element elementor-element-2ffae31 elementor-section-boxed elementor-section-height-default elementor-section-height-default sc_fly_static\" data-id=\"2ffae31\" data-element_type=\"section\">\n\t\t\t\t\t\t<div class=\"elementor-container elementor-column-gap-extended\">\n\t\t\t\t\t<div class=\"elementor-column elementor-col-100 elementor-top-column elementor-element elementor-element-e4bec5e sc_content_align_inherit sc_layouts_column_icons_position_left sc_fly_static\" data-id=\"e4bec5e\" data-element_type=\"column\">\n\t\t\t<div class=\"elementor-widget-wrap elementor-element-populated\">\n\t\t\t\t\t\t<div class=\"elementor-element elementor-element-ef79be4 sc_fly_static elementor-widget elementor-widget-spacer\" data-id=\"ef79be4\" data-element_type=\"widget\" data-widget_type=\"spacer.default\">\n\t\t\t\t<div class=\"elementor-widget-container\">\n\t\t\t\t\t\t\t<div class=\"elementor-spacer\">\n\t\t\t<div class=\"elementor-spacer-inner\"><\/div>\n\t\t<\/div>\n\t\t\t\t\t\t<\/div>\n\t\t\t\t<\/div>\n\t\t\t\t<div class=\"elementor-element elementor-element-a848d34 sc_fly_static elementor-widget elementor-widget-trx_sc_title\" data-id=\"a848d34\" data-element_type=\"widget\" id=\"lsglegugreen\" data-widget_type=\"trx_sc_title.default\">\n\t\t\t\t<div class=\"elementor-widget-container\">\n\t\t\t\t\t<div id=\"lsglegugreen_sc\"\t\tclass=\"sc_title sc_title_default\" ><h3 class=\"sc_item_title sc_title_title sc_item_title_style_default sc_item_title_tag trx_addons_inline_66384130\"\n\t\t\t><span class=\"sc_item_title_text\">M\u00e9langes GPS<\/span><\/h3><\/div>\t\t\t\t<\/div>\n\t\t\t\t<\/div>\n\t\t\t\t<section class=\"elementor-section elementor-inner-section elementor-element elementor-element-9c036bb elementor-section-boxed elementor-section-height-default elementor-section-height-default sc_fly_static\" data-id=\"9c036bb\" data-element_type=\"section\">\n\t\t\t\t\t\t<div class=\"elementor-container elementor-column-gap-extended\">\n\t\t\t\t\t<div class=\"elementor-column elementor-col-25 elementor-inner-column elementor-element elementor-element-9bd7bb5 sc_content_align_inherit sc_layouts_column_icons_position_left sc_fly_static\" data-id=\"9bd7bb5\" data-element_type=\"column\">\n\t\t\t<div class=\"elementor-widget-wrap elementor-element-populated\">\n\t\t\t\t\t\t<div class=\"elementor-element elementor-element-cb54519 elementor-icon-list--layout-traditional elementor-list-item-link-full_width sc_fly_static elementor-widget elementor-widget-icon-list\" data-id=\"cb54519\" data-element_type=\"widget\" data-widget_type=\"icon-list.default\">\n\t\t\t\t<div class=\"elementor-widget-container\">\n\t\t\t\t\t\t\t<ul class=\"elementor-icon-list-items\">\n\t\t\t\t\t\t\t<li class=\"elementor-icon-list-item\">\n\t\t\t\t\t\t\t\t\t\t\t<a href=\"https:\/\/lsg.lu\/wp-content\/uploads\/2024\/06\/Legugreen-melange_GPS_Ensilage.pdf\" target=\"_blank\">\n\n\t\t\t\t\t\t\t\t\t\t\t\t<span class=\"elementor-icon-list-icon\">\n\t\t\t\t\t\t\t<i aria-hidden=\"true\" class=\"fas fa-arrow-down\"><\/i>\t\t\t\t\t\t<\/span>\n\t\t\t\t\t\t\t\t\t\t<span class=\"elementor-icon-list-text\">M\u00e9langes GPS ensilage<\/span>\n\t\t\t\t\t\t\t\t\t\t\t<\/a>\n\t\t\t\t\t\t\t\t\t<\/li>\n\t\t\t\t\t\t<\/ul>\n\t\t\t\t\t\t<\/div>\n\t\t\t\t<\/div>\n\t\t\t\t\t<\/div>\n\t\t<\/div>\n\t\t\t\t<div class=\"elementor-column elementor-col-25 elementor-inner-column elementor-element elementor-element-3a13bed sc_content_align_inherit sc_layouts_column_icons_position_left sc_fly_static\" data-id=\"3a13bed\" data-element_type=\"column\">\n\t\t\t<div class=\"elementor-widget-wrap\">\n\t\t\t\t\t\t\t<\/div>\n\t\t<\/div>\n\t\t\t\t<div class=\"elementor-column elementor-col-25 elementor-inner-column elementor-element elementor-element-f96e30d sc_content_align_inherit sc_layouts_column_icons_position_left sc_fly_static\" data-id=\"f96e30d\" data-element_type=\"column\">\n\t\t\t<div class=\"elementor-widget-wrap\">\n\t\t\t\t\t\t\t<\/div>\n\t\t<\/div>\n\t\t\t\t<div class=\"elementor-column elementor-col-25 elementor-inner-column elementor-element elementor-element-175afb1 sc_content_align_inherit sc_layouts_column_icons_position_left sc_fly_static\" data-id=\"175afb1\" data-element_type=\"column\">\n\t\t\t<div class=\"elementor-widget-wrap\">\n\t\t\t\t\t\t\t<\/div>\n\t\t<\/div>\n\t\t\t\t\t<\/div>\n\t\t<\/section>\n\t\t\t\t<div class=\"elementor-element elementor-element-d071a3b sc_fly_static elementor-widget elementor-widget-spacer\" data-id=\"d071a3b\" data-element_type=\"widget\" data-widget_type=\"spacer.default\">\n\t\t\t\t<div class=\"elementor-widget-container\">\n\t\t\t\t\t\t\t<div class=\"elementor-spacer\">\n\t\t\t<div class=\"elementor-spacer-inner\"><\/div>\n\t\t<\/div>\n\t\t\t\t\t\t<\/div>\n\t\t\t\t<\/div>\n\t\t\t\t\t<\/div>\n\t\t<\/div>\n\t\t\t\t\t<\/div>\n\t\t<\/section>\n\t\t\t\t<section class=\"elementor-section elementor-top-section elementor-element elementor-element-4a4cb587 elementor-section-stretched elementor-section-content-middle scheme_dark elementor-section-boxed elementor-section-height-default elementor-section-height-default sc_fly_static\" data-id=\"4a4cb587\" data-element_type=\"section\" data-settings=\"{&quot;stretch_section&quot;:&quot;section-stretched&quot;,&quot;background_background&quot;:&quot;classic&quot;}\">\n\t\t\t\t\t\t\t<div class=\"elementor-background-overlay\"><\/div>\n\t\t\t\t\t\t\t<div class=\"elementor-container elementor-column-gap-extended\">\n\t\t\t\t\t<div class=\"elementor-column elementor-col-50 elementor-top-column elementor-element elementor-element-42aa4c9c sc_content_align_inherit sc_layouts_column_icons_position_left sc_fly_static\" data-id=\"42aa4c9c\" data-element_type=\"column\">\n\t\t\t<div class=\"elementor-widget-wrap elementor-element-populated\">\n\t\t\t\t\t\t<div class=\"elementor-element elementor-element-1848e5b9 sc_height_large sc_fly_static elementor-widget elementor-widget-spacer\" data-id=\"1848e5b9\" data-element_type=\"widget\" data-widget_type=\"spacer.default\">\n\t\t\t\t<div class=\"elementor-widget-container\">\n\t\t\t\t\t\t\t<div class=\"elementor-spacer\">\n\t\t\t<div class=\"elementor-spacer-inner\"><\/div>\n\t\t<\/div>\n\t\t\t\t\t\t<\/div>\n\t\t\t\t<\/div>\n\t\t\t\t<div class=\"elementor-element elementor-element-47185769 sc_fly_static elementor-widget elementor-widget-trx_sc_title\" data-id=\"47185769\" data-element_type=\"widget\" data-widget_type=\"trx_sc_title.default\">\n\t\t\t\t<div class=\"elementor-widget-container\">\n\t\t\t\t\t<div\t\tclass=\"sc_title sc_title_default\" ><h2 class=\"sc_item_title sc_title_title sc_item_title_style_default sc_typed\"\n\t\t\t><span class=\"sc_item_title_text\">Vous n'avez pas trouv\u00e9 ce que vous cherchiez ? <br><u><span class=\"sc_typed_entry trx_addons_inline_1651118491\" data-strings=\"[&quot;contactez-nous&quot;]\" data-loop=\"1\" data-cursor=\"0\" data-cursor-char=\"_\" data-speed=\"2\" data-delay=\"2\">contactez-nous<\/span><\/u>.<\/span><\/h2><\/div>\t\t\t\t<\/div>\n\t\t\t\t<\/div>\n\t\t\t\t<div class=\"elementor-element elementor-element-3cc19ccd sc_height_large sc_layouts_hide_on_mobile sc_fly_static elementor-widget elementor-widget-spacer\" data-id=\"3cc19ccd\" data-element_type=\"widget\" data-widget_type=\"spacer.default\">\n\t\t\t\t<div class=\"elementor-widget-container\">\n\t\t\t\t\t\t\t<div class=\"elementor-spacer\">\n\t\t\t<div class=\"elementor-spacer-inner\"><\/div>\n\t\t<\/div>\n\t\t\t\t\t\t<\/div>\n\t\t\t\t<\/div>\n\t\t\t\t\t<\/div>\n\t\t<\/div>\n\t\t\t\t<div class=\"elementor-column elementor-col-50 elementor-top-column elementor-element elementor-element-543fcc45 sc_layouts_column_align_right sc_layouts_column sc-mobile_layouts_column_align_left sc_layouts_column sc_content_align_inherit sc_layouts_column_icons_position_left sc_fly_static\" data-id=\"543fcc45\" data-element_type=\"column\">\n\t\t\t<div class=\"elementor-widget-wrap elementor-element-populated\">\n\t\t\t\t\t\t<div class=\"elementor-element elementor-element-7e90a59b sc_layouts_hide_on_mobile sc_fly_static elementor-widget elementor-widget-spacer\" data-id=\"7e90a59b\" data-element_type=\"widget\" data-widget_type=\"spacer.default\">\n\t\t\t\t<div class=\"elementor-widget-container\">\n\t\t\t\t\t\t\t<div class=\"elementor-spacer\">\n\t\t\t<div class=\"elementor-spacer-inner\"><\/div>\n\t\t<\/div>\n\t\t\t\t\t\t<\/div>\n\t\t\t\t<\/div>\n\t\t\t\t<div class=\"elementor-element elementor-element-1b6cee8 sc_height_huge sc_layouts_hide_on_mobile sc_fly_static elementor-widget elementor-widget-spacer\" data-id=\"1b6cee8\" data-element_type=\"widget\" data-widget_type=\"spacer.default\">\n\t\t\t\t<div class=\"elementor-widget-container\">\n\t\t\t\t\t\t\t<div class=\"elementor-spacer\">\n\t\t\t<div class=\"elementor-spacer-inner\"><\/div>\n\t\t<\/div>\n\t\t\t\t\t\t<\/div>\n\t\t\t\t<\/div>\n\t\t\t\t<div class=\"elementor-element elementor-element-61f9df55 sc_height_medium sc_layouts_hide_on_wide sc_layouts_hide_on_desktop sc_layouts_hide_on_notebook sc_layouts_hide_on_tablet sc_fly_static elementor-widget elementor-widget-spacer\" data-id=\"61f9df55\" data-element_type=\"widget\" data-widget_type=\"spacer.default\">\n\t\t\t\t<div class=\"elementor-widget-container\">\n\t\t\t\t\t\t\t<div class=\"elementor-spacer\">\n\t\t\t<div class=\"elementor-spacer-inner\"><\/div>\n\t\t<\/div>\n\t\t\t\t\t\t<\/div>\n\t\t\t\t<\/div>\n\t\t\t\t<div class=\"elementor-element elementor-element-5eedb472 sc_fly_static elementor-widget elementor-widget-trx_sc_button\" data-id=\"5eedb472\" data-element_type=\"widget\" data-widget_type=\"trx_sc_button.default\">\n\t\t\t\t<div class=\"elementor-widget-container\">\n\t\t\t\t\t<div\tclass=\"sc_item_button sc_button_wrap\" ><a href=\"https:\/\/lsg.lu\/fr\/contact\/\" class=\"sc_button sc_button_default sc_button_size_normal sc_button_icon_left\" ><span class=\"sc_button_text\"><span class=\"sc_button_title\">Contact<\/span><\/span><\/a><\/div>\t\t\t\t<\/div>\n\t\t\t\t<\/div>\n\t\t\t\t<div class=\"elementor-element elementor-element-44962b34 sc_height_huge sc_fly_static elementor-widget elementor-widget-spacer\" data-id=\"44962b34\" data-element_type=\"widget\" data-widget_type=\"spacer.default\">\n\t\t\t\t<div class=\"elementor-widget-container\">\n\t\t\t\t\t\t\t<div class=\"elementor-spacer\">\n\t\t\t<div class=\"elementor-spacer-inner\"><\/div>\n\t\t<\/div>\n\t\t\t\t\t\t<\/div>\n\t\t\t\t<\/div>\n\t\t\t\t<div class=\"elementor-element elementor-element-680642e3 sc_layouts_hide_on_mobile sc_fly_static elementor-widget elementor-widget-spacer\" data-id=\"680642e3\" data-element_type=\"widget\" data-widget_type=\"spacer.default\">\n\t\t\t\t<div class=\"elementor-widget-container\">\n\t\t\t\t\t\t\t<div class=\"elementor-spacer\">\n\t\t\t<div class=\"elementor-spacer-inner\"><\/div>\n\t\t<\/div>\n\t\t\t\t\t\t<\/div>\n\t\t\t\t<\/div>\n\t\t\t\t\t<\/div>\n\t\t<\/div>\n\t\t\t\t\t<\/div>\n\t\t<\/section>\n\t\t\t\t<\/div>\n\t\t","protected":false},"excerpt":{"rendered":"<p>LSG Legu-Green DSV GPS M\u00e9langes GPS .trx_addons_inline_1432722417{color:#4BAF41 !important} M\u00e9langes GPS .trx_addons_inline_996660188{color:#4BAF41 !important} M\u00e9langes GPS ensilage Vous n&rsquo;avez pas trouv\u00e9 ce que vous cherchiez ? contactez-nous. .trx_addons_inline_271685340{color: #FFFFFF !important} Contact<\/p>\n","protected":false},"author":2,"featured_media":0,"parent":0,"menu_order":0,"comment_status":"closed","ping_status":"closed","template":"","meta":{"_monsterinsights_skip_tracking":false,"_monsterinsights_sitenote_active":false,"_monsterinsights_sitenote_note":"","_monsterinsights_sitenote_category":0,"footnotes":""},"class_list":["post-22536","page","type-page","status-publish","hentry"],"aioseo_notices":[],"_links":{"self":[{"href":"https:\/\/lsg.lu\/fr\/wp-json\/wp\/v2\/pages\/22536","targetHints":{"allow":["GET"]}}],"collection":[{"href":"https:\/\/lsg.lu\/fr\/wp-json\/wp\/v2\/pages"}],"about":[{"href":"https:\/\/lsg.lu\/fr\/wp-json\/wp\/v2\/types\/page"}],"author":[{"embeddable":true,"href":"https:\/\/lsg.lu\/fr\/wp-json\/wp\/v2\/users\/2"}],"replies":[{"embeddable":true,"href":"https:\/\/lsg.lu\/fr\/wp-json\/wp\/v2\/comments?post=22536"}],"version-history":[{"count":34,"href":"https:\/\/lsg.lu\/fr\/wp-json\/wp\/v2\/pages\/22536\/revisions"}],"predecessor-version":[{"id":25580,"href":"https:\/\/lsg.lu\/fr\/wp-json\/wp\/v2\/pages\/22536\/revisions\/25580"}],"wp:attachment":[{"href":"https:\/\/lsg.lu\/fr\/wp-json\/wp\/v2\/media?parent=22536"}],"curies":[{"name":"wp","href":"https:\/\/api.w.org\/{rel}","templated":true}]}}